{"id":311,"date":"2025-03-09T00:49:21","date_gmt":"2025-03-08T21:19:21","guid":{"rendered":"http:\/\/kolaydoy.org\/?page_id=311"},"modified":"2025-09-17T11:05:09","modified_gmt":"2025-09-17T07:35:09","slug":"contact","status":"publish","type":"page","link":"https:\/\/kolaydoy.org\/fa\/contact\/","title":{"rendered":"\u062a\u0645\u0627\u0633 \u0628\u0627 \u0645\u0627"},"content":{"rendered":"\t\t<div data-elementor-type=\"wp-page\" data-elementor-id=\"311\" class=\"elementor elementor-311\">\n\t\t\t\t\t\t<section class=\"elementor-section elementor-top-section elementor-element elementor-element-aa1e651 elementor-section-full_width elementor-section-stretched animated-fast elementor-section-height-default elementor-section-height-default elementor-invisible\" data-id=\"aa1e651\" data-element_type=\"section\" data-settings=\"{&quot;stretch_section&quot;:&quot;section-stretched&quot;,&quot;background_background&quot;:&quot;gradient&quot;,&quot;animation&quot;:&quot;fadeIn&quot;}\">\n\t\t\t\t\t\t<div class=\"elementor-container elementor-column-gap-default\">\n\t\t\t\t\t<div class=\"elementor-column elementor-col-100 elementor-top-column elementor-element elementor-element-daa1895\" data-id=\"daa1895\" data-element_type=\"column\">\n\t\t\t<div class=\"elementor-widget-wrap elementor-element-populated\">\n\t\t\t\t\t\t<div class=\"elementor-section elementor-inner-section elementor-element elementor-element-becca59 elementor-section-boxed elementor-section-height-default elementor-section-height-default\" data-id=\"becca59\" data-element_type=\"section\">\n\t\t\t\t\t\t<div class=\"elementor-container elementor-column-gap-default\">\n\t\t\t\t\t<div class=\"elementor-column elementor-col-50 elementor-inner-column elementor-element elementor-element-dd05ad7\" data-id=\"dd05ad7\" data-element_type=\"column\">\n\t\t\t<div class=\"elementor-widget-wrap elementor-element-populated\">\n\t\t\t\t\t\t<div class=\"elementor-element elementor-element-9dde41f elementor-widget elementor-widget-heading\" data-id=\"9dde41f\" data-element_type=\"widget\" data-widget_type=\"heading.default\">\n\t\t\t\t<div class=\"elementor-widget-container\">\n\t\t\t\t\t<h1 class=\"elementor-heading-title elementor-size-default\">\u0631\u0627\u0647\u200c\u0647\u0627\u06cc \u0627\u0631\u062a\u0628\u0627\u0637\u06cc \u0645\u0627<\/h1>\t\t\t\t<\/div>\n\t\t\t\t<\/div>\n\t\t\t\t\t<\/div>\n\t\t<\/div>\n\t\t\t\t<div class=\"elementor-column elementor-col-50 elementor-inner-column elementor-element elementor-element-021efe8 text-left header-mobile\" data-id=\"021efe8\" data-element_type=\"column\">\n\t\t\t<div class=\"elementor-widget-wrap elementor-element-populated\">\n\t\t\t\t\t\t<div class=\"elementor-element elementor-element-5049439 elementor-widget elementor-widget-rayacorp-breadcrumb\" data-id=\"5049439\" data-element_type=\"widget\" data-widget_type=\"rayacorp-breadcrumb.default\">\n\t\t\t\t<div class=\"elementor-widget-container\">\n\t\t\t\t\t<div class=\"rayacorp-breadcrumb breadcrumbs \"><ul class=\"breadcrumb m-auto\"><li><a href=\"https:\/\/kolaydoy.org\/fa\/\">\u0635\u0641\u062d\u0647 \u0627\u0635\u0644\u06cc<\/a> <\/li><\/ul><\/div>\t\t\t\t<\/div>\n\t\t\t\t<\/div>\n\t\t\t\t\t<\/div>\n\t\t<\/div>\n\t\t\t\t\t<\/div>\n\t\t<\/div>\n\t\t\t\t\t<\/div>\n\t\t<\/div>\n\t\t\t\t\t<\/div>\n\t\t<\/section>\n\t\t\t\t<section class=\"elementor-section elementor-top-section elementor-element elementor-element-a44b7ab elementor-section-stretched elementor-section-content-top elementor-section-boxed elementor-section-height-default elementor-section-height-default\" data-id=\"a44b7ab\" data-element_type=\"section\" data-settings=\"{&quot;stretch_section&quot;:&quot;section-stretched&quot;}\">\n\t\t\t\t\t\t<div class=\"elementor-container elementor-column-gap-default\">\n\t\t\t\t\t<div class=\"elementor-column elementor-col-50 elementor-top-column elementor-element elementor-element-f8e3fb5\" data-id=\"f8e3fb5\" data-element_type=\"column\">\n\t\t\t<div class=\"elementor-widget-wrap elementor-element-populated\">\n\t\t\t\t\t\t<section class=\"elementor-section elementor-inner-section elementor-element elementor-element-1cb5898 elementor-section-content-middle home-parallax elementor-section-boxed elementor-section-height-default elementor-section-height-default\" data-id=\"1cb5898\" data-element_type=\"section\" data-settings=\"{&quot;background_background&quot;:&quot;classic&quot;}\">\n\t\t\t\t\t\t\t<div class=\"elementor-background-overlay\"><\/div>\n\t\t\t\t\t\t\t<div class=\"elementor-container elementor-column-gap-wider\">\n\t\t\t\t\t<div class=\"elementor-column elementor-col-100 elementor-inner-column elementor-element elementor-element-032f4ef\" data-id=\"032f4ef\" data-element_type=\"column\">\n\t\t\t<div class=\"elementor-widget-wrap elementor-element-populated\">\n\t\t\t\t\t\t<div class=\"elementor-element elementor-element-d0d99d9 elementor-widget elementor-widget-heading\" data-id=\"d0d99d9\" data-element_type=\"widget\" data-widget_type=\"heading.default\">\n\t\t\t\t<div class=\"elementor-widget-container\">\n\t\t\t\t\t<h2 class=\"elementor-heading-title elementor-size-default\">\u0622\u06cc\u0627 \u0646\u06cc\u0627\u0632 \u0628\u0647 \u0631\u0627\u0647\u0646\u0645\u0627\u06cc\u06cc \u062f\u0627\u0631\u06cc\u062f\u061f<\/h2>\t\t\t\t<\/div>\n\t\t\t\t<\/div>\n\t\t\t\t<div class=\"elementor-element elementor-element-5bf30f1 elementor-widget elementor-widget-text-editor\" data-id=\"5bf30f1\" data-element_type=\"widget\" data-widget_type=\"text-editor.default\">\n\t\t\t\t<div class=\"elementor-widget-container\">\n\t\t\t\t\t\t\t\t\t<div class=\"gtx-body\">\u0627\u06af\u0631 \u0633\u0648\u0627\u0644\u06cc \u062f\u0627\u0631\u06cc\u062f \u06cc\u0627 \u062f\u0631 \u0645\u0648\u0631\u062f\u06cc \u0646\u06cc\u0627\u0632 \u0628\u0647 \u06a9\u0645\u06a9 \u062f\u0627\u0631\u06cc\u062f\u060c \u0645\u06cc \u062a\u0648\u0627\u0646\u06cc\u062f \u0628\u0627 \u0645\u0627 \u062a\u0645\u0627\u0633 \u0628\u06af\u06cc\u0631\u06cc\u062f.<\/div><div class=\"gtx-body\">\u00a0<\/div>\t\t\t\t\t\t\t\t<\/div>\n\t\t\t\t<\/div>\n\t\t\t\t\t<\/div>\n\t\t<\/div>\n\t\t\t\t\t<\/div>\n\t\t<\/section>\n\t\t\t\t<div class=\"elementor-element elementor-element-6cb7425 elementor-widget elementor-widget-google_maps\" data-id=\"6cb7425\" data-element_type=\"widget\" data-widget_type=\"google_maps.default\">\n\t\t\t\t<div class=\"elementor-widget-container\">\n\t\t\t\t\t\t\t<div class=\"elementor-custom-embed\">\n\t\t\t<iframe loading=\"lazy\"\n\t\t\t\t\tsrc=\"https:\/\/www.google.com\/maps\/embed\/v1\/place?key=AIzaSyA5dIMHueyr6Wgm2CijdrlwiqsPwzK2UxQ&#038;q=Dalg%C4%B1%C3%A7%20Sk.%20No%3A11&#038;zoom=16\"\n\t\t\t\t\ttitle=\"Dalg\u0131\u00e7 Sk. No:11\"\n\t\t\t\t\taria-label=\"Dalg\u0131\u00e7 Sk. No:11\"\n\t\t\t><\/iframe>\n\t\t<\/div>\n\t\t\t\t\t\t<\/div>\n\t\t\t\t<\/div>\n\t\t\t\t\t<\/div>\n\t\t<\/div>\n\t\t\t\t<div class=\"elementor-column elementor-col-50 elementor-top-column elementor-element elementor-element-b68bd6d\" data-id=\"b68bd6d\" data-element_type=\"column\">\n\t\t\t<div class=\"elementor-widget-wrap elementor-element-populated\">\n\t\t\t\t\t\t<section class=\"elementor-section elementor-inner-section elementor-element elementor-element-1de4f41 elementor-section-boxed elementor-section-height-default elementor-section-height-default\" data-id=\"1de4f41\" data-element_type=\"section\">\n\t\t\t\t\t\t<div class=\"elementor-container elementor-column-gap-default\">\n\t\t\t\t\t<div class=\"elementor-column elementor-col-100 elementor-inner-column elementor-element elementor-element-0d835f4\" data-id=\"0d835f4\" data-element_type=\"column\">\n\t\t\t<div class=\"elementor-widget-wrap elementor-element-populated\">\n\t\t\t\t\t\t<div class=\"elementor-element elementor-element-b17fe94 contacts elementor-widget elementor-widget-raya-iconbox-v1\" data-id=\"b17fe94\" data-element_type=\"widget\" data-widget_type=\"raya-iconbox-v1.default\">\n\t\t\t\t<div class=\"elementor-widget-container\">\n\t\t\t\t\t<div class=\"icon_box_all  style_one\"   data-aos=\"fade-up\" data-aos-delay=\"0\"  data-aos-offset=\"0\" >\r\n                  <div class=\"icon_content  icon_centers \">\r\n            <div class=\"icon\">\r\n         <img decoding=\"async\" src=\"http:\/\/kolaydoy.org\/wp-content\/uploads\/2025\/03\/telephone-1.png\" class=\"img-fluid svg_image\" alt=\"\u062a\u0635\u0648\u06cc\u0631\" \/>\r\n      <\/div>\r\n            <div class=\"txt_content\">\r\n                  <h3>\r\n            <a href=\"\"  target=&quot;_blank&quot;  rel=&quot;nofollow&quot;>\r\n            \u0634\u0645\u0627\u0631\u0647 \u062a\u0645\u0627\u0633            <\/a>\r\n         <\/h3>\r\n                           <p>\r\n             <a href=\"\"  target=&quot;_blank&quot;  rel=&quot;nofollow&quot;>\r\n            902127027132+             <\/a>\r\n         <\/p>\r\n               <\/div>\r\n   <\/div>\r\n   \r\n<\/div>\r\n\t\t\t\t<\/div>\n\t\t\t\t<\/div>\n\t\t\t\t<div class=\"elementor-element elementor-element-9b8422d contacts elementor-widget elementor-widget-raya-iconbox-v1\" data-id=\"9b8422d\" data-element_type=\"widget\" data-widget_type=\"raya-iconbox-v1.default\">\n\t\t\t\t<div class=\"elementor-widget-container\">\n\t\t\t\t\t<div class=\"icon_box_all  style_one\"   data-aos=\"fade-up\" data-aos-delay=\"0\"  data-aos-offset=\"0\" >\r\n                  <div class=\"icon_content  icon_centers \">\r\n            <div class=\"icon\">\r\n         <img decoding=\"async\" src=\"http:\/\/kolaydoy.org\/wp-content\/uploads\/2025\/03\/support-3.png\" class=\"img-fluid svg_image\" alt=\"\u062a\u0635\u0648\u06cc\u0631\" \/>\r\n      <\/div>\r\n            <div class=\"txt_content\">\r\n                  <h3>\r\n            <a href=\"\"  target=&quot;_blank&quot;  rel=&quot;nofollow&quot;>\r\n            \u0634\u0645\u0627\u0631\u0647 \u0647\u0645\u0631\u0627\u0647            <\/a>\r\n         <\/h3>\r\n                           <p>\r\n             <a href=\"\"  target=&quot;_blank&quot;  rel=&quot;nofollow&quot;>\r\n            905340700731+             <\/a>\r\n         <\/p>\r\n               <\/div>\r\n   <\/div>\r\n   \r\n<\/div>\r\n\t\t\t\t<\/div>\n\t\t\t\t<\/div>\n\t\t\t\t<div class=\"elementor-element elementor-element-a45caba contacts elementor-widget elementor-widget-raya-iconbox-v1\" data-id=\"a45caba\" data-element_type=\"widget\" data-widget_type=\"raya-iconbox-v1.default\">\n\t\t\t\t<div class=\"elementor-widget-container\">\n\t\t\t\t\t<div class=\"icon_box_all  style_one\"   data-aos=\"fade-up\" data-aos-delay=\"0\"  data-aos-offset=\"0\" >\r\n                  <div class=\"icon_content  icon_centers \">\r\n            <div class=\"icon\">\r\n         <img decoding=\"async\" src=\"http:\/\/kolaydoy.org\/wp-content\/uploads\/2025\/03\/email-1.png\" class=\"img-fluid svg_image\" alt=\"\u062a\u0635\u0648\u06cc\u0631\" \/>\r\n      <\/div>\r\n            <div class=\"txt_content\">\r\n                  <h3>\r\n            <a href=\"mailto:info@behsakhtco.com\"  target=&quot;_blank&quot;  rel=&quot;nofollow&quot;>\r\n            \u0627\u06cc\u0645\u06cc\u0644            <\/a>\r\n         <\/h3>\r\n                           <p>\r\n             <a href=\"mailto:info@behsakhtco.com\"  target=&quot;_blank&quot;  rel=&quot;nofollow&quot;>\r\n            info@kolaydoy.org             <\/a>\r\n         <\/p>\r\n               <\/div>\r\n   <\/div>\r\n   \r\n<\/div>\r\n\t\t\t\t<\/div>\n\t\t\t\t<\/div>\n\t\t\t\t<div class=\"elementor-element elementor-element-7f1940f contacts address elementor-widget elementor-widget-raya-iconbox-v1\" data-id=\"7f1940f\" data-element_type=\"widget\" data-widget_type=\"raya-iconbox-v1.default\">\n\t\t\t\t<div class=\"elementor-widget-container\">\n\t\t\t\t\t<div class=\"icon_box_all  style_one\"   data-aos=\"fade-up\" data-aos-delay=\"0\"  data-aos-offset=\"0\" >\r\n                  <div class=\"icon_content  icon_centers \">\r\n            <div class=\"icon\">\r\n         <img decoding=\"async\" src=\"http:\/\/kolaydoy.org\/wp-content\/uploads\/2025\/03\/pin-1.png\" class=\"img-fluid svg_image\" alt=\"\u062a\u0635\u0648\u06cc\u0631\" \/>\r\n      <\/div>\r\n            <div class=\"txt_content\">\r\n                  <h3>\r\n            <a href=\"\"  target=&quot;_blank&quot;  rel=&quot;nofollow&quot;>\r\n            \u0622\u062f\u0631\u0633            <\/a>\r\n         <\/h3>\r\n                           <p>\r\n             <a href=\"\"  target=&quot;_blank&quot;  rel=&quot;nofollow&quot;>\r\n            YE\u015e\u0130LCE MAH. DALCI\u00c7 SK. NO:11.  KA\u011eITHANE \u0130STANBUL             <\/a>\r\n         <\/p>\r\n               <\/div>\r\n   <\/div>\r\n   \r\n<\/div>\r\n\t\t\t\t<\/div>\n\t\t\t\t<\/div>\n\t\t\t\t\t<\/div>\n\t\t<\/div>\n\t\t\t\t\t<\/div>\n\t\t<\/section>\n\t\t\t\t<div class=\"elementor-element elementor-element-b93563e elementor-shape-circle elementor-grid-mobile-0 e-grid-align-tablet-center e-grid-align-mobile-center footer-social elementor-grid-0 e-grid-align-center elementor-widget elementor-widget-social-icons\" data-id=\"b93563e\" data-element_type=\"widget\" data-widget_type=\"social-icons.default\">\n\t\t\t\t<div class=\"elementor-widget-container\">\n\t\t\t\t\t\t\t<div class=\"elementor-social-icons-wrapper elementor-grid\" role=\"list\">\n\t\t\t\t\t\t\t<span class=\"elementor-grid-item\" role=\"listitem\">\n\t\t\t\t\t<a class=\"elementor-icon elementor-social-icon elementor-social-icon-instagram elementor-repeater-item-68ae045\" href=\"https:\/\/www.instagram.com\/kolaydoy\" target=\"_blank\">\n\t\t\t\t\t\t<span class=\"elementor-screen-only\">Instagram<\/span>\n\t\t\t\t\t\t<svg aria-hidden=\"true\" class=\"e-font-icon-svg e-fab-instagram\" viewBox=\"0 0 448 512\" xmlns=\"http:\/\/www.w3.org\/2000\/svg\"><path d=\"M224.1 141c-63.6 0-114.9 51.3-114.9 114.9s51.3 114.9 114.9 114.9S339 319.5 339 255.9 287.7 141 224.1 141zm0 189.6c-41.1 0-74.7-33.5-74.7-74.7s33.5-74.7 74.7-74.7 74.7 33.5 74.7 74.7-33.6 74.7-74.7 74.7zm146.4-194.3c0 14.9-12 26.8-26.8 26.8-14.9 0-26.8-12-26.8-26.8s12-26.8 26.8-26.8 26.8 12 26.8 26.8zm76.1 27.2c-1.7-35.9-9.9-67.7-36.2-93.9-26.2-26.2-58-34.4-93.9-36.2-37-2.1-147.9-2.1-184.9 0-35.8 1.7-67.6 9.9-93.9 36.1s-34.4 58-36.2 93.9c-2.1 37-2.1 147.9 0 184.9 1.7 35.9 9.9 67.7 36.2 93.9s58 34.4 93.9 36.2c37 2.1 147.9 2.1 184.9 0 35.9-1.7 67.7-9.9 93.9-36.2 26.2-26.2 34.4-58 36.2-93.9 2.1-37 2.1-147.8 0-184.8zM398.8 388c-7.8 19.6-22.9 34.7-42.6 42.6-29.5 11.7-99.5 9-132.1 9s-102.7 2.6-132.1-9c-19.6-7.8-34.7-22.9-42.6-42.6-11.7-29.5-9-99.5-9-132.1s-2.6-102.7 9-132.1c7.8-19.6 22.9-34.7 42.6-42.6 29.5-11.7 99.5-9 132.1-9s102.7-2.6 132.1 9c19.6 7.8 34.7 22.9 42.6 42.6 11.7 29.5 9 99.5 9 132.1s2.7 102.7-9 132.1z\"><\/path><\/svg>\t\t\t\t\t<\/a>\n\t\t\t\t<\/span>\n\t\t\t\t\t\t\t<span class=\"elementor-grid-item\" role=\"listitem\">\n\t\t\t\t\t<a class=\"elementor-icon elementor-social-icon elementor-social-icon-facebook elementor-repeater-item-a2a8d71\" href=\"https:\/\/www.facebook.com\/profile.php?id=61573786925821\" target=\"_blank\">\n\t\t\t\t\t\t<span class=\"elementor-screen-only\">Facebook<\/span>\n\t\t\t\t\t\t<svg aria-hidden=\"true\" class=\"e-font-icon-svg e-fab-facebook\" viewBox=\"0 0 512 512\" xmlns=\"http:\/\/www.w3.org\/2000\/svg\"><path d=\"M504 256C504 119 393 8 256 8S8 119 8 256c0 123.78 90.69 226.38 209.25 245V327.69h-63V256h63v-54.64c0-62.15 37-96.48 93.67-96.48 27.14 0 55.52 4.84 55.52 4.84v61h-31.28c-30.8 0-40.41 19.12-40.41 38.73V256h68.78l-11 71.69h-57.78V501C413.31 482.38 504 379.78 504 256z\"><\/path><\/svg>\t\t\t\t\t<\/a>\n\t\t\t\t<\/span>\n\t\t\t\t\t<\/div>\n\t\t\t\t\t\t<\/div>\n\t\t\t\t<\/div>\n\t\t\t\t\t<\/div>\n\t\t<\/div>\n\t\t\t\t\t<\/div>\n\t\t<\/section>\n\t\t\t\t<\/div>\n\t\t","protected":false},"excerpt":{"rendered":"<p>\u0631\u0627\u0647\u200c\u0647\u0627\u06cc \u0627\u0631\u062a\u0628\u0627\u0637\u06cc \u0645\u0627 \u0635\u0641\u062d\u0647 \u0627\u0635\u0644\u06cc \u0622\u06cc\u0627 \u0646\u06cc\u0627\u0632 \u0628\u0647 \u0631\u0627\u0647\u0646\u0645\u0627\u06cc\u06cc \u062f\u0627\u0631\u06cc\u062f\u061f \u0627\u06af\u0631 \u0633\u0648\u0627\u0644\u06cc \u062f\u0627\u0631\u06cc\u062f \u06cc\u0627 \u062f\u0631 \u0645\u0648\u0631\u062f\u06cc \u0646\u06cc\u0627\u0632 \u0628\u0647 \u06a9\u0645\u06a9 \u062f\u0627\u0631\u06cc\u062f\u060c \u0645\u06cc \u062a\u0648\u0627\u0646\u06cc\u062f \u0628\u0627 \u0645\u0627 \u062a\u0645\u0627\u0633 \u0628\u06af\u06cc\u0631\u06cc\u062f. \u0634\u0645\u0627\u0631\u0647 \u062a\u0645\u0627\u0633 902127027132+ \u0634\u0645\u0627\u0631\u0647 \u0647\u0645\u0631\u0627\u0647 905340700731+ \u0627\u06cc\u0645\u06cc\u0644 info@kolaydoy.org \u0622\u062f\u0631\u0633 YE\u015e\u0130LCE MAH. DALCI\u00c7 SK. NO:11. KA\u011eITHANE \u0130STANBUL Instagram Facebook<\/p>\n","protected":false},"author":1,"featured_media":0,"parent":0,"menu_order":0,"comment_status":"closed","ping_status":"closed","template":"","meta":{"footnotes":""},"class_list":["post-311","page","type-page","status-publish","hentry"],"_links":{"self":[{"href":"https:\/\/kolaydoy.org\/fa\/wp-json\/wp\/v2\/pages\/311","targetHints":{"allow":["GET"]}}],"collection":[{"href":"https:\/\/kolaydoy.org\/fa\/wp-json\/wp\/v2\/pages"}],"about":[{"href":"https:\/\/kolaydoy.org\/fa\/wp-json\/wp\/v2\/types\/page"}],"author":[{"embeddable":true,"href":"https:\/\/kolaydoy.org\/fa\/wp-json\/wp\/v2\/users\/1"}],"replies":[{"embeddable":true,"href":"https:\/\/kolaydoy.org\/fa\/wp-json\/wp\/v2\/comments?post=311"}],"version-history":[{"count":97,"href":"https:\/\/kolaydoy.org\/fa\/wp-json\/wp\/v2\/pages\/311\/revisions"}],"predecessor-version":[{"id":2212,"href":"https:\/\/kolaydoy.org\/fa\/wp-json\/wp\/v2\/pages\/311\/revisions\/2212"}],"wp:attachment":[{"href":"https:\/\/kolaydoy.org\/fa\/wp-json\/wp\/v2\/media?parent=311"}],"curies":[{"name":"wp","href":"https:\/\/api.w.org\/{rel}","templated":true}]}}